{"id":184,"date":"2025-09-25T19:35:51","date_gmt":"2025-09-25T19:35:51","guid":{"rendered":"https:\/\/mcpneu.wisudia.de\/tyre-faqs\/"},"modified":"2025-09-28T18:47:41","modified_gmt":"2025-09-28T18:47:41","slug":"tyre-faqs","status":"publish","type":"page","link":"https:\/\/mcpneu.fr\/en\/tyre-faqs\/","title":{"rendered":"Tyre FAQs"},"content":{"rendered":"<div class=\"wpb-content-wrapper\"><p>[vc_section][vc_row full_width=&#8221;stretch_row&#8221; css=&#8221;.vc_custom_1758828304138{background-color: #F5F5F5 !important;}&#8221;][vc_column][vc_row_inner][vc_column_inner]<h1 class=\"riv-component_headline riv-h1 riv-text_decoration-underline riv-text_align-center riv-text_color-blue   \"  >Introduction<\/h1>[vc_column_text css=&#8221;&#8221;]Tyres are an essential part of your vehicle: they connect you to the road and have a direct impact on safety, comfort and performance. To help you choose and maintain your tyres with confidence, we have compiled this FAQ on tyres. Here you will find answers to the most common questions about purchasing, maintaining and understanding your tyres.[\/vc_column_text][vc_empty_space][\/vc_column_inner][\/vc_row_inner][\/vc_column][\/vc_row][\/vc_section][vc_section el_id=&#8221;tyre-purchase&#8221;][vc_row full_width=&#8221;stretch_row&#8221;][vc_column][vc_empty_space][vc_row_inner][vc_column_inner width=&#8221;1\/2&#8243;]<h2 class=\"riv-component_headline riv-h3 riv-text_decoration-underline riv-text_align-left riv-text_color-blue   \"  >Example of a tyre sidewall<\/h2>[vc_empty_space][vc_single_image image=&#8221;131&#8243; img_size=&#8221;full&#8221; css=&#8221;&#8221;][\/vc_column_inner][vc_column_inner width=&#8221;1\/2&#8243;]<h2 class=\"riv-component_headline riv-h3 riv-text_decoration-underline riv-text_align-left riv-text_color-blue   \"  >Tyre purchase<\/h2>[vc_empty_space height=&#8221;16px&#8221;][vc_column_text css=&#8221;&#8221;]<\/p>\n<p data-start=\"728\" data-end=\"929\"><strong>What should I check when buying tyres?<\/strong><br \/>\nAlways check the size and specifications of your current tyres before ordering new ones. Look at the markings on the sidewall of the tyre, such as 205\/55 R16 91V:<\/p>\n<ul>\n<li data-start=\"932\" data-end=\"960\"><strong data-start=\"932\" data-end=\"939\">205<\/strong> = Tyre width in millimetres<\/li>\n<li data-start=\"963\" data-end=\"1001\"><strong data-start=\"963\" data-end=\"969\">55<\/strong> = aspect ratio (height\/width)<\/li>\n<li data-start=\"1004\" data-end=\"1033\"><strong data-start=\"1004\" data-end=\"1009\">R<\/strong> = radial construction<\/li>\n<li data-start=\"1036\" data-end=\"1069\"><strong data-start=\"1036\" data-end=\"1042\">16<\/strong> = rim diameter in inches<\/li>\n<li data-start=\"1072\" data-end=\"1093\"><strong data-start=\"1072\" data-end=\"1078\">91<\/strong> = load index<\/li>\n<li data-start=\"1096\" data-end=\"1117\"><strong data-start=\"1096\" data-end=\"1101\">V<\/strong> = speed index<\/li>\n<\/ul>\n<p>[\/vc_column_text][\/vc_column_inner][\/vc_row_inner][vc_row_inner][vc_column_inner][vc_column_text css=&#8221;&#8221;]<\/p>\n<p><strong>Why might the tyre size specified in my vehicle documents differ from the size of the tyres fitted?<\/strong><\/p>\n<p>It is common for the size indicated in the registration documents to differ from that of the tyres actually fitted, particularly if replacement rims have been installed. Always check the tyres currently fitted to your vehicle.<\/p>\n<p>[\/vc_column_text][\/vc_column_inner][\/vc_row_inner][vc_empty_space][\/vc_column][\/vc_row][\/vc_section][vc_section][vc_row full_width=&#8221;stretch_row&#8221; css=&#8221;.vc_custom_1759085225129{background-color: #F5F5F5 !important;}&#8221; el_id=&#8221;load-index&#8221;][vc_column][vc_empty_space][vc_row_inner][vc_column_inner]<h4 class=\"riv-component_headline riv-h3 riv-text_decoration-underline riv-text_align-left riv-text_color-blue   \"  >Tyre load index<\/h4>[vc_empty_space][vc_column_text css=&#8221;&#8221;]<strong>What does the load index mean?<\/strong><br \/>\nThe load index is a number that indicates the weight a tyre can safely carry under ideal conditions (correct air pressure, appropriate speed).<\/p>\n<p><strong>How can you determine the correct load index?<\/strong><br \/>\nThe load index must be at least equal to the value specified in your vehicle&#8217;s documentation. It is possible and sometimes recommended for safety reasons to choose a higher load index.<\/p>\n<p><strong>Why is tyre pressure important for load capacity?<\/strong><br \/>\nThe load capacity of a tyre is only guaranteed when it is inflated to the recommended pressure. Insufficient pressure, combined with high speeds, reduces load capacity and can lead to faster wear or dangerous damage to the tyre.[\/vc_column_text][\/vc_column_inner][\/vc_row_inner][vc_row_inner][vc_column_inner width=&#8221;1\/2&#8243;]<h5 class=\"riv-component_headline riv-h4 riv-text_decoration-underline riv-text_align-center riv-text_color-blue   \"  >Load index<\/h5>[vc_separator css=&#8221;&#8221;][vc_column_text css=&#8221;&#8221;]<\/p>\n<p style=\"text-align: center;\">88<\/p>\n<p style=\"text-align: center;\">89<\/p>\n<p style=\"text-align: center;\">90<\/p>\n<p style=\"text-align: center;\">91<\/p>\n<p style=\"text-align: center;\">92<\/p>\n<p style=\"text-align: center;\">93<\/p>\n<p style=\"text-align: center;\">94<\/p>\n<p style=\"text-align: center;\">95<\/p>\n<p style=\"text-align: center;\">96<\/p>\n<p style=\"text-align: center;\">97<\/p>\n<p style=\"text-align: center;\">98<\/p>\n<p style=\"text-align: center;\">99<\/p>\n<p style=\"text-align: center;\">100<\/p>\n<p style=\"text-align: center;\">101<\/p>\n<p style=\"text-align: center;\">102<\/p>\n<p style=\"text-align: center;\">103<\/p>\n<p style=\"text-align: center;\">104<\/p>\n<p style=\"text-align: center;\">105<\/p>\n<p>[\/vc_column_text][\/vc_column_inner][vc_column_inner width=&#8221;1\/2&#8243;]<h5 class=\"riv-component_headline riv-h4 riv-text_decoration-underline riv-text_align-center riv-text_color-blue   \"  >Tyre load capacity in kilograms<\/h5>[vc_separator css=&#8221;&#8221;][vc_column_text css=&#8221;&#8221;]<\/p>\n<p style=\"text-align: center;\">560 kg<\/p>\n<p style=\"text-align: center;\">580 kg<\/p>\n<p style=\"text-align: center;\">600 kg<\/p>\n<p style=\"text-align: center;\">615 kg<\/p>\n<p style=\"text-align: center;\">630 kg<\/p>\n<p style=\"text-align: center;\">650 kg<\/p>\n<p style=\"text-align: center;\">670 kg<\/p>\n<p style=\"text-align: center;\">690 kg<\/p>\n<p style=\"text-align: center;\">710 kg<\/p>\n<p style=\"text-align: center;\">730 kg<\/p>\n<p style=\"text-align: center;\">750 kg<\/p>\n<p style=\"text-align: center;\">775 kg<\/p>\n<p style=\"text-align: center;\">800 kg<\/p>\n<p style=\"text-align: center;\">825 kg<\/p>\n<p style=\"text-align: center;\">850 kg<\/p>\n<p style=\"text-align: center;\">875 kg<\/p>\n<p style=\"text-align: center;\">900 kg<\/p>\n<p style=\"text-align: center;\">925 kg<\/p>\n<p>[\/vc_column_text][\/vc_column_inner][\/vc_row_inner][vc_empty_space][\/vc_column][\/vc_row][\/vc_section][vc_section el_id=&#8221;speed-index&#8221;][vc_row full_width=&#8221;stretch_row&#8221;][vc_column][vc_empty_space][vc_row_inner][vc_column_inner]<h4 class=\"riv-component_headline riv-h3 riv-text_decoration-underline riv-text_align-center riv-text_color-blue   \"  >Tyre speed index<\/h4>[vc_empty_space][vc_column_text css=&#8221;&#8221;]<strong>What is the speed index?<\/strong><br \/>\nThe speed rating (also known as the speed symbol) is a letter printed on the sidewall of the tyre that indicates the maximum safe speed for the tyre, provided it is correctly inflated.[\/vc_column_text][\/vc_column_inner][\/vc_row_inner][vc_row_inner][vc_column_inner width=&#8221;1\/2&#8243;]<h1 class=\"riv-component_headline riv-h1 riv-text_decoration-underline riv-text_align-center riv-text_color-blue   \"  >Symbole<\/h1>[vc_separator css=&#8221;&#8221;][vc_column_text css=&#8221;&#8221;]<\/p>\n<p style=\"text-align: center;\">P<\/p>\n<p style=\"text-align: center;\">Q<\/p>\n<p style=\"text-align: center;\">R<\/p>\n<p style=\"text-align: center;\">S<\/p>\n<p style=\"text-align: center;\">T<\/p>\n<p style=\"text-align: center;\">H<\/p>\n<p style=\"text-align: center;\">V<\/p>\n<p style=\"text-align: center;\">W<\/p>\n<p style=\"text-align: center;\">Y<\/p>\n<p>[\/vc_column_text][vc_separator css=&#8221;&#8221;][vc_column_text css=&#8221;&#8221;]<\/p>\n<p><strong>Can I use a speed rating higher than the one specified?<\/strong><br \/>\nYes, you can always use a tyre with a speed rating higher than that required by your vehicle.<\/p>\n<p>[\/vc_column_text][\/vc_column_inner][vc_column_inner width=&#8221;1\/2&#8243;]<h1 class=\"riv-component_headline riv-h1 riv-text_decoration-underline riv-text_align-center riv-text_color-blue   \"  >Vitesse maximale<\/h1>[vc_separator css=&#8221;&#8221;][vc_column_text css=&#8221;&#8221;]<\/p>\n<p style=\"text-align: center;\">150 km\/h<\/p>\n<p style=\"text-align: center;\">160 km\/h<\/p>\n<p style=\"text-align: center;\">170 km\/h<\/p>\n<p style=\"text-align: center;\">180 km\/h<\/p>\n<p style=\"text-align: center;\">190 km\/h<\/p>\n<p style=\"text-align: center;\">210 km\/h<\/p>\n<p style=\"text-align: center;\">240 km\/h<\/p>\n<p style=\"text-align: center;\">270 km\/h<\/p>\n<p style=\"text-align: center;\">300 km\/h<\/p>\n<p>[\/vc_column_text][vc_separator css=&#8221;&#8221;][vc_column_text css=&#8221;&#8221;]<\/p>\n<p><strong>Can I use a lower speed rating?<\/strong><br \/>\nIn most cases, no. However, there are exceptions for winter tyres and all-season tyres. In such cases, a lower speed rating may be permitted, but the vehicle must be fitted with a sticker indicating the maximum speed permitted for these tyres.<\/p>\n<p>[\/vc_column_text][\/vc_column_inner][\/vc_row_inner][\/vc_column][\/vc_row][\/vc_section][vc_section el_id=&#8221;tyre-age&#8221;][vc_row full_width=&#8221;stretch_row&#8221; css=&#8221;.vc_custom_1758830193406{background-color: #F5F5F5 !important;}&#8221;][vc_column][vc_empty_space][vc_row_inner][vc_column_inner]<h6 class=\"riv-component_headline riv-h3 riv-text_decoration-underline riv-text_align-center riv-text_color-blue   \"  >Age of tyres<\/h6>[vc_empty_space][vc_column_text css=&#8221;&#8221;]<\/p>\n<p><strong>How old can a tyre be?<\/strong><br \/>\nTechnically, a tyre is considered \u2018new\u2019 for up to three years after manufacture, provided it has been stored correctly.<\/p>\n<p><strong>How can I check the age of a tyre?<\/strong><br \/>\nThe DOT code on the sidewall of the tyre indicates the date of manufacture. The last four digits indicate the week and year of manufacture (e.g. 2319 = week 23, 2019).<\/p>\n<p><strong>Is there a legal limit on the age of tyres?<\/strong><br \/>\nThere is no general legal obligation in France regarding the replacement of tyres after a certain number of years. However, many experts recommend replacing them after a maximum of 10 years, regardless of tread depth, due to the ageing of the rubber.<\/p>\n<p><strong>What does \u2018new\u2019 mean when buying tyres online?<\/strong><br \/>\nUnless otherwise specified, many retailers define tyres less than 36 months old as \u2018new\u2019. If the exact DOT code is not provided, the stock may consist of mixed production batches.<\/p>\n<p>[\/vc_column_text][vc_empty_space][\/vc_column_inner][\/vc_row_inner][\/vc_column][\/vc_row][\/vc_section][vc_section][vc_row full_width=&#8221;stretch_row&#8221;][vc_column][vc_empty_space][vc_row_inner][vc_column_inner]<h6 class=\"riv-component_headline riv-h3 riv-text_decoration-underline riv-text_align-center riv-text_color-blue   \"  >Additional glossary (quick references)<\/h6>[\/vc_column_inner][\/vc_row_inner][vc_empty_space][vc_row_inner][vc_column_inner width=&#8221;1\/2&#8243;][vc_single_image image=&#8221;152&#8243; img_size=&#8221;full&#8221; css=&#8221;&#8221;][\/vc_column_inner][vc_column_inner width=&#8221;1\/2&#8243;][vc_column_text css=&#8221;&#8221;]<\/p>\n<ul>\n<li><strong>DOT number:<\/strong> date of manufacture of the tyre, indicated in week\/year format.<\/li>\n<li><strong>Tread depth:<\/strong> minimum l\u00e9gal en France: 1,6 mm (recommand\u00e9: 3 \u00e0 4 mm pour plus de s\u00e9curit\u00e9).<\/li>\n<li><strong>Rolling resistance:<\/strong> influe sur la consommation de carburant; une r\u00e9sistance plus faible = une meilleure efficacit\u00e9.<\/li>\n<li><strong>European tyre label: <\/strong>Standardised label indicating wet grip, rolling resistance and noise level.<\/li>\n<li><strong>Inspection r<\/strong>egularly inspect tyres for cracks, bulges, or cuts.<\/li>\n<li><strong>Check the pressure<\/strong> your tyres at least once a month.<\/li>\n<\/ul>\n<p>[\/vc_column_text][\/vc_column_inner][\/vc_row_inner][vc_empty_space][\/vc_column][\/vc_row][\/vc_section]<\/p>\n<\/div>","protected":false},"excerpt":{"rendered":"<p>[vc_section][vc_row full_width=&#8221;stretch_row&#8221; css=&#8221;.vc_custom_1758828304138{background-color: #F5F5F5 !important;}&#8221;][vc_column][vc_row_inner][vc_column_inner][vc_column_text css=&#8221;&#8221;]Tyres are an essential part of your vehicle: they connect you to the road and have a direct impact on safety, comfort and performance. To help you choose and maintain your tyres with confidence, we have compiled this FAQ on tyres. Here you will find answers to the most common [&hellip;]<\/p>\n","protected":false},"author":2,"featured_media":0,"parent":0,"menu_order":0,"comment_status":"closed","ping_status":"closed","template":"","meta":{"footnotes":""},"class_list":["post-184","page","type-page","status-publish","hentry"],"_links":{"self":[{"href":"https:\/\/mcpneu.fr\/en\/wp-json\/wp\/v2\/pages\/184","targetHints":{"allow":["GET"]}}],"collection":[{"href":"https:\/\/mcpneu.fr\/en\/wp-json\/wp\/v2\/pages"}],"about":[{"href":"https:\/\/mcpneu.fr\/en\/wp-json\/wp\/v2\/types\/page"}],"author":[{"embeddable":true,"href":"https:\/\/mcpneu.fr\/en\/wp-json\/wp\/v2\/users\/2"}],"replies":[{"embeddable":true,"href":"https:\/\/mcpneu.fr\/en\/wp-json\/wp\/v2\/comments?post=184"}],"version-history":[{"count":4,"href":"https:\/\/mcpneu.fr\/en\/wp-json\/wp\/v2\/pages\/184\/revisions"}],"predecessor-version":[{"id":214,"href":"https:\/\/mcpneu.fr\/en\/wp-json\/wp\/v2\/pages\/184\/revisions\/214"}],"wp:attachment":[{"href":"https:\/\/mcpneu.fr\/en\/wp-json\/wp\/v2\/media?parent=184"}],"curies":[{"name":"wp","href":"https:\/\/api.w.org\/{rel}","templated":true}]}}